{"id":2,"date":"2024-04-24T14:35:32","date_gmt":"2024-04-24T14:35:32","guid":{"rendered":"https:\/\/afm.org.tr\/?page_id=2"},"modified":"2025-05-15T20:09:00","modified_gmt":"2025-05-15T20:09:00","slug":"home","status":"publish","type":"page","link":"https:\/\/afm.org.tr\/","title":{"rendered":"Home"},"content":{"rendered":"","protected":false},"excerpt":{"rendered":"","protected":false},"author":1,"featured_media":0,"parent":0,"menu_order":0,"comment_status":"open","ping_status":"closed","template":"","meta":{"footnotes":""},"class_list":["post-2","page","type-page","status-publish","hentry"],"yoast_head":"<!-- This site is optimized with the Yoast SEO plugin v27.3 - https:\/\/yoast.com\/product\/yoast-seo-wordpress\/ -->\n<title>Home - Ala\u00e7at\u0131 Foto\u011fraf\u00e7\u0131lar Maratonu<\/title>\n<meta name=\"robots\" content=\"index, follow, max-snippet:-1, max-image-preview:large, max-video-preview:-1\" \/>\n<link rel=\"canonical\" href=\"https:\/\/afm.org.tr\/\" \/>\n<meta property=\"og:locale\" content=\"tr_TR\" \/>\n<meta property=\"og:type\" content=\"article\" \/>\n<meta property=\"og:title\" content=\"Home - Ala\u00e7at\u0131 Foto\u011fraf\u00e7\u0131lar Maratonu\" \/>\n<meta property=\"og:url\" content=\"https:\/\/afm.org.tr\/\" \/>\n<meta property=\"og:site_name\" content=\"Ala\u00e7at\u0131 Foto\u011fraf\u00e7\u0131lar Maratonu\" \/>\n<meta property=\"article:modified_time\" content=\"2025-05-15T20:09:00+00:00\" \/>\n<meta name=\"twitter:card\" content=\"summary_large_image\" \/>\n<script type=\"application\/ld+json\" class=\"yoast-schema-graph\">{\"@context\":\"https:\\\/\\\/schema.org\",\"@graph\":[{\"@type\":\"WebPage\",\"@id\":\"https:\\\/\\\/afm.org.tr\\\/\",\"url\":\"https:\\\/\\\/afm.org.tr\\\/\",\"name\":\"Home - Ala\u00e7at\u0131 Foto\u011fraf\u00e7\u0131lar Maratonu\",\"isPartOf\":{\"@id\":\"https:\\\/\\\/afm.org.tr\\\/#website\"},\"datePublished\":\"2024-04-24T14:35:32+00:00\",\"dateModified\":\"2025-05-15T20:09:00+00:00\",\"breadcrumb\":{\"@id\":\"https:\\\/\\\/afm.org.tr\\\/#breadcrumb\"},\"inLanguage\":\"tr\",\"potentialAction\":[{\"@type\":\"ReadAction\",\"target\":[\"https:\\\/\\\/afm.org.tr\\\/\"]}]},{\"@type\":\"BreadcrumbList\",\"@id\":\"https:\\\/\\\/afm.org.tr\\\/#breadcrumb\",\"itemListElement\":[{\"@type\":\"ListItem\",\"position\":1,\"name\":\"Anasayfa\",\"item\":\"https:\\\/\\\/afm.org.tr\\\/\"},{\"@type\":\"ListItem\",\"position\":2,\"name\":\"Home\"}]},{\"@type\":\"WebSite\",\"@id\":\"https:\\\/\\\/afm.org.tr\\\/#website\",\"url\":\"https:\\\/\\\/afm.org.tr\\\/\",\"name\":\"Ala\u00e7at\u0131 Foto\u011fraf\u00e7\u0131lar Maratonu\",\"description\":\"Ala\u00e7at\u0131&#039;y\u0131 ke\u015ffederken bize \u00f6nc\u00fcl\u00fck edecek yarat\u0131c\u0131 g\u00f6zler ar\u0131yoruz!\",\"potentialAction\":[{\"@type\":\"SearchAction\",\"target\":{\"@type\":\"EntryPoint\",\"urlTemplate\":\"https:\\\/\\\/afm.org.tr\\\/?s={search_term_string}\"},\"query-input\":{\"@type\":\"PropertyValueSpecification\",\"valueRequired\":true,\"valueName\":\"search_term_string\"}}],\"inLanguage\":\"tr\"}]}<\/script>\n<!-- \/ Yoast SEO plugin. -->","yoast_head_json":{"title":"Home - Ala\u00e7at\u0131 Foto\u011fraf\u00e7\u0131lar Maratonu","robots":{"index":"index","follow":"follow","max-snippet":"max-snippet:-1","max-image-preview":"max-image-preview:large","max-video-preview":"max-video-preview:-1"},"canonical":"https:\/\/afm.org.tr\/","og_locale":"tr_TR","og_type":"article","og_title":"Home - Ala\u00e7at\u0131 Foto\u011fraf\u00e7\u0131lar Maratonu","og_url":"https:\/\/afm.org.tr\/","og_site_name":"Ala\u00e7at\u0131 Foto\u011fraf\u00e7\u0131lar Maratonu","article_modified_time":"2025-05-15T20:09:00+00:00","twitter_card":"summary_large_image","schema":{"@context":"https:\/\/schema.org","@graph":[{"@type":"WebPage","@id":"https:\/\/afm.org.tr\/","url":"https:\/\/afm.org.tr\/","name":"Home - Ala\u00e7at\u0131 Foto\u011fraf\u00e7\u0131lar Maratonu","isPartOf":{"@id":"https:\/\/afm.org.tr\/#website"},"datePublished":"2024-04-24T14:35:32+00:00","dateModified":"2025-05-15T20:09:00+00:00","breadcrumb":{"@id":"https:\/\/afm.org.tr\/#breadcrumb"},"inLanguage":"tr","potentialAction":[{"@type":"ReadAction","target":["https:\/\/afm.org.tr\/"]}]},{"@type":"BreadcrumbList","@id":"https:\/\/afm.org.tr\/#breadcrumb","itemListElement":[{"@type":"ListItem","position":1,"name":"Anasayfa","item":"https:\/\/afm.org.tr\/"},{"@type":"ListItem","position":2,"name":"Home"}]},{"@type":"WebSite","@id":"https:\/\/afm.org.tr\/#website","url":"https:\/\/afm.org.tr\/","name":"Ala\u00e7at\u0131 Foto\u011fraf\u00e7\u0131lar Maratonu","description":"Ala\u00e7at\u0131&#039;y\u0131 ke\u015ffederken bize \u00f6nc\u00fcl\u00fck edecek yarat\u0131c\u0131 g\u00f6zler ar\u0131yoruz!","potentialAction":[{"@type":"SearchAction","target":{"@type":"EntryPoint","urlTemplate":"https:\/\/afm.org.tr\/?s={search_term_string}"},"query-input":{"@type":"PropertyValueSpecification","valueRequired":true,"valueName":"search_term_string"}}],"inLanguage":"tr"}]}},"_links":{"self":[{"href":"https:\/\/afm.org.tr\/index.php?rest_route=\/wp\/v2\/pages\/2","targetHints":{"allow":["GET"]}}],"collection":[{"href":"https:\/\/afm.org.tr\/index.php?rest_route=\/wp\/v2\/pages"}],"about":[{"href":"https:\/\/afm.org.tr\/index.php?rest_route=\/wp\/v2\/types\/page"}],"author":[{"embeddable":true,"href":"https:\/\/afm.org.tr\/index.php?rest_route=\/wp\/v2\/users\/1"}],"replies":[{"embeddable":true,"href":"https:\/\/afm.org.tr\/index.php?rest_route=%2Fwp%2Fv2%2Fcomments&post=2"}],"version-history":[{"count":0,"href":"https:\/\/afm.org.tr\/index.php?rest_route=\/wp\/v2\/pages\/2\/revisions"}],"wp:attachment":[{"href":"https:\/\/afm.org.tr\/index.php?rest_route=%2Fwp%2Fv2%2Fmedia&parent=2"}],"curies":[{"name":"wp","href":"https:\/\/api.w.org\/{rel}","templated":true}]}}